{"id":7,"date":"2021-06-22T13:44:48","date_gmt":"2021-06-22T13:44:48","guid":{"rendered":"https:\/\/climatbd.uqo.ca\/?page_id=7"},"modified":"2021-12-11T04:06:43","modified_gmt":"2021-12-11T04:06:43","slug":"conferences","status":"publish","type":"page","link":"https:\/\/climatbd.uqo.ca\/index.php\/conferences\/","title":{"rendered":"Les conf\u00e9rences"},"content":{"rendered":"\n<p>10 conf\u00e9rences gratuites ont eu lieu d&rsquo;octobre \u00e0 d\u00e9cembre 2021. Les enregistrements sont disponibles sur YouTube gr\u00e2ce aux liens qui suivent.<\/p>\n\n\n\n<p><\/p>\n\n\n\n<h2 class=\"wp-block-heading\">Jeudi 14 octobre \u2013 Iago Otero<\/h2>\n\n\n\n<h5 class=\"wp-block-heading\">La conf\u00e9rence de Iago Otero a \u00e9t\u00e9 enregistr\u00e9e. Visionnez la <a href=\"https:\/\/www.youtube.com\/watch?v=1cr-ZZqIT3k&amp;ab_channel=Timoth%C3%A9eFouqueray\">sur YouTube<\/a> !<\/h5>\n\n\n\n<div class=\"wp-block-image is-style-rounded\"><figure class=\"aligncenter size-medium is-resized\"><img loading=\"lazy\" decoding=\"async\" src=\"https:\/\/climatbd.uqo.ca\/wp-content\/uploads\/2021\/09\/ClimatSocial_photo_IagoOtero-225x300.jpg\" alt=\"\" class=\"wp-image-83\" width=\"169\" height=\"225\" srcset=\"https:\/\/climatbd.uqo.ca\/wp-content\/uploads\/2021\/09\/ClimatSocial_photo_IagoOtero-225x300.jpg 225w, https:\/\/climatbd.uqo.ca\/wp-content\/uploads\/2021\/09\/ClimatSocial_photo_IagoOtero-768x1024.jpg 768w, https:\/\/climatbd.uqo.ca\/wp-content\/uploads\/2021\/09\/ClimatSocial_photo_IagoOtero-rotated.jpg 960w\" sizes=\"auto, (max-width: 169px) 100vw, 169px\" \/><\/figure><\/div>\n\n\n\n<p><strong>La conf\u00e9rence. <\/strong>Australie, Amazonie, Californie&#8230; Les grands incendies de for\u00eat ont \u00e9t\u00e9 tr\u00e8s pr\u00e9sents dans les m\u00e9dias r\u00e9cemment. Le changement climatique est de plus en plus mentionn\u00e9 comme leur cause profonde. Mais est-elle la seule ? Et surtout, comment peut-on mieux g\u00e9rer ce ph\u00e9nom\u00e8ne naturel et social qui menace des vies, des \u00e9conomies et des valeurs culturelles et \u00e9cologiques du paysage ? Dans cette conf\u00e9rence, on donnera quelques pistes de l\u2019\u00e9tat de la question au niveau mondial. Ensuite, on se plongera dans l\u2019\u00e9tude de cas de la Catalogne, en Espagne, pour conna\u00eetre les efforts des pompiers et de la soci\u00e9t\u00e9 civile pour coexister avec les incendies. L\u2019am\u00e9nagement des for\u00eats et du territoire, les br\u00fblages dirig\u00e9s et la gestion des incendies en cours seront pr\u00e9sent\u00e9s, ainsi que les enjeux sociaux et \u00e9conomiques de leur impl\u00e9mentation. Finalement on discutera de l\u2019int\u00e9r\u00eat de ces options pour d\u2019autres r\u00e9gions, o\u00f9 les incendies de for\u00eat pourraient devenir plus fr\u00e9quents et intenses dans un futur proche.<\/p>\n\n\n\n<p><strong>Le chercheur. <\/strong>Docteur en sciences de l&rsquo;environnement de l&rsquo;universit\u00e9 autonome de Barcelone, Iago Otero s&rsquo;int\u00e9resse aux transformations socio-\u00e9cologiques des zones de montagne. Il les \u00e9tudie des points de vue de l&rsquo;histoire environnementale, de l&rsquo;\u00e9cologie politique et par la recherche-action. Il poursuite maintenant ses recherches \u00e0 l&rsquo;universit\u00e9 de Lausanne (Suisse).<\/p>\n\n\n\n<p><\/p>\n\n\n\n<h2 class=\"wp-block-heading\">Jeudi 21 octobre \u2013 La\u00ebtitia Marc<\/h2>\n\n\n\n<h5 class=\"wp-block-heading\">La conf\u00e9rence de La\u00ebtitia Marc a \u00e9t\u00e9 enregistr\u00e9e. Visionnez la <a href=\"https:\/\/youtu.be\/mPynmKBX4Is\" data-type=\"URL\" data-id=\"https:\/\/youtu.be\/mPynmKBX4Is\">sur YouTube<\/a> !<\/h5>\n\n\n\n<div class=\"wp-block-image is-style-rounded\"><figure class=\"aligncenter size-medium\"><img loading=\"lazy\" decoding=\"async\" width=\"300\" height=\"269\" src=\"https:\/\/climatbd.uqo.ca\/wp-content\/uploads\/2021\/09\/ClimatSocial_photo_LaetitiaMarc-300x269.jpg\" alt=\"\" class=\"wp-image-78\" srcset=\"https:\/\/climatbd.uqo.ca\/wp-content\/uploads\/2021\/09\/ClimatSocial_photo_LaetitiaMarc-300x269.jpg 300w, https:\/\/climatbd.uqo.ca\/wp-content\/uploads\/2021\/09\/ClimatSocial_photo_LaetitiaMarc-1024x919.jpg 1024w, https:\/\/climatbd.uqo.ca\/wp-content\/uploads\/2021\/09\/ClimatSocial_photo_LaetitiaMarc-768x690.jpg 768w, https:\/\/climatbd.uqo.ca\/wp-content\/uploads\/2021\/09\/ClimatSocial_photo_LaetitiaMarc-1536x1379.jpg 1536w, https:\/\/climatbd.uqo.ca\/wp-content\/uploads\/2021\/09\/ClimatSocial_photo_LaetitiaMarc-2048x1839.jpg 2048w, https:\/\/climatbd.uqo.ca\/wp-content\/uploads\/2021\/09\/ClimatSocial_photo_LaetitiaMarc-1200x1078.jpg 1200w, https:\/\/climatbd.uqo.ca\/wp-content\/uploads\/2021\/09\/ClimatSocial_photo_LaetitiaMarc-1980x1778.jpg 1980w\" sizes=\"auto, (max-width: 300px) 100vw, 300px\" \/><\/figure><\/div>\n\n\n\n<p><strong>La conf\u00e9rence<\/strong> vise \u00e0 pr\u00e9senter l\u2019engagement environnemental des femmes autochtones du nord circumpolaire. La\u00ebtitia Marc d\u00e9finira l\u2019approche de l\u2019\u00e9cof\u00e9minisme autochtone \u00e0 travers l\u2019\u00e9tude des parcours d\u2019engagement de femmes activistes inuit et s\u00e1mi. Elle soulignera le lien inh\u00e9rent entre culture et environnement, justice sociale et changements climatiques, puis expliquera pourquoi une approche intersectionnelle est indispensable pour aborder la crise environnementale.<\/p>\n\n\n\n<p><strong>La chercheuse. <\/strong>Doctorante en anthropologie \u00e0 l&rsquo;universit\u00e9 Laval (Qu\u00e9bec), La\u00ebtitia Marc \u00e9tudie l&rsquo;\u00e9cof\u00e9minisme autochtone. Plus particuli\u00e8rement, elle compare les exp\u00e9riences des femmes inuit et des femmes s\u00e1mis face aux changements climatiques.<\/p>\n\n\n\n<p><\/p>\n\n\n\n<h2 class=\"wp-block-heading\">Jeudi 28 octobre \u2013 Michel L\u00e9ger<\/h2>\n\n\n\n<h5 class=\"wp-block-heading\">La conf\u00e9rence de Michel L\u00e9ger a \u00e9t\u00e9 enregistr\u00e9e. Visionnez la <a href=\"https:\/\/www.youtube.com\/watch?v=-S62PcofXng&amp;ab_channel=Timoth%C3%A9eFouqueray\">sur YouTube<\/a> !<\/h5>\n\n\n\n<div class=\"wp-block-image is-style-rounded\"><figure class=\"aligncenter size-medium\"><img loading=\"lazy\" decoding=\"async\" width=\"300\" height=\"200\" src=\"https:\/\/climatbd.uqo.ca\/wp-content\/uploads\/2021\/09\/ClimatSocial_photo_MichelLeger2-300x200.png\" alt=\"\" class=\"wp-image-79\" srcset=\"https:\/\/climatbd.uqo.ca\/wp-content\/uploads\/2021\/09\/ClimatSocial_photo_MichelLeger2-300x200.png 300w, https:\/\/climatbd.uqo.ca\/wp-content\/uploads\/2021\/09\/ClimatSocial_photo_MichelLeger2-768x511.png 768w, https:\/\/climatbd.uqo.ca\/wp-content\/uploads\/2021\/09\/ClimatSocial_photo_MichelLeger2.png 1000w\" sizes=\"auto, (max-width: 300px) 100vw, 300px\" \/><\/figure><\/div>\n\n\n\n<p><strong>La conf\u00e9rence. <\/strong>L\u2019int\u00e9gration de modes de vie \u00e9coresponsables repr\u00e9sente un d\u00e9fi difficile \u00e0 surmonter pour grand nombre de Canadiens. Tenant compte de l\u2019utilisation actuelle des r\u00e9seaux sociaux, Michel L\u00e9ger pr\u00e9sentera ses recherches sur les rapports qu&rsquo;une famille peut entretenir avec l\u2019environnement \u00e0 l\u2019aide du num\u00e9rique. Il d\u00e9crira les conditions pour lesquelles Facebook peut contribuer au d\u00e9veloppement d\u2019une \u00e9cocitoyennet\u00e9 familiale en permettant \u00e0 des familles de r\u00e9duire la consommation en \u00e9nergie \u00e0 la maison. \u00c0 travers des analyses descriptives et th\u00e9matiques, sa conf\u00e9rence illustrera entre autres comment la participation \u00e0 un r\u00e9seau social virtuel peut contribuer \u00e0 un plus haut niveau de conscience \u00e9cologique et d\u2019engagement envers l\u2019environnement dans la famille, surtout chez les enfants des familles participant \u00e0 ce projet.<\/p>\n\n\n\n<p><strong>Le chercheur. <\/strong>Michel L\u00e9ger a accompli un doctorat en \u00e9ducation relative \u00e0 l\u2019environnement. Ses recherches actuelles \u00e0 l&rsquo;universit\u00e9 de Moncton (Nouveau-Brunswick, Canada) combinent des aspects \u00e9ducatifs \u00e0 l&rsquo;\u00e9coph\u00e9nom\u00e9nologie et aux technologies de l&rsquo;information et de la communication, \u00e0 l&rsquo;instar des r\u00e9seaux sociaux.<\/p>\n\n\n\n<p><\/p>\n\n\n\n<h2 class=\"wp-block-heading\">Mardi 2 novembre \u2013 H\u00e9l\u00e8ne Rey-Valette<\/h2>\n\n\n\n<h5 class=\"wp-block-heading\">La conf\u00e9rence d&rsquo;H\u00e9l\u00e8ne Rey-Valette a \u00e9t\u00e9 enregistr\u00e9e. Visionnez la <a href=\"https:\/\/www.youtube.com\/watch?v=vcCJOPYjgO0&amp;ab_channel=Timoth%C3%A9eFouqueray\" data-type=\"URL\" data-id=\"https:\/\/www.youtube.com\/watch?v=vcCJOPYjgO0&amp;ab_channel=Timoth%C3%A9eFouqueray\">sur YouTube<\/a> !<\/h5>\n\n\n\n<div class=\"wp-block-image is-style-rounded\"><figure class=\"aligncenter size-medium\"><img loading=\"lazy\" decoding=\"async\" width=\"270\" height=\"300\" src=\"https:\/\/climatbd.uqo.ca\/wp-content\/uploads\/2021\/09\/ClimatSocial_photo_HeleneReyValette-270x300.jpg\" alt=\"\" class=\"wp-image-101\" srcset=\"https:\/\/climatbd.uqo.ca\/wp-content\/uploads\/2021\/09\/ClimatSocial_photo_HeleneReyValette-270x300.jpg 270w, https:\/\/climatbd.uqo.ca\/wp-content\/uploads\/2021\/09\/ClimatSocial_photo_HeleneReyValette.jpg 766w\" sizes=\"auto, (max-width: 270px) 100vw, 270px\" \/><\/figure><\/div>\n\n\n\n<p><strong>La conf\u00e9rence. <\/strong>H\u00e9l\u00e8ne Rey-Valette parlera de la gestion int\u00e9gr\u00e9e et concert\u00e9e des territoires littoraux. Elle pr\u00e9sentera plusieurs de ses enqu\u00eates visant \u00e0 appr\u00e9hender les perceptions des risques d\u2019\u00e9rosion et de submersion, les d\u00e9terminants des comportements individuels de r\u00e9sistance ou d\u2019adaptation (biais d\u2019optimisme, d\u00e9ni, information, normes, \u00e9motions) et les conditions de gouvernance et d\u2019acceptabilit\u00e9 \u00e0 la mise en \u0153uvre de politiques de relocalisation, notamment en lien avec les principes de justice prioris\u00e9s par les habitants et l\u2019importance des solidarit\u00e9s territoriales entre communes littorales et non littorales.<\/p>\n\n\n\n<p><strong>La chercheuse. <\/strong>Ma\u00eetre de conf\u00e9rences en \u00c9conomie,  H\u00e9l\u00e8ne Rey-Valette enseigne \u00e0 l\u2019Universit\u00e9 de Montpellier et est rattach\u00e9e au Centre d\u2019\u00c9conomie de l\u2019Environnement de Montpellier. Elle m\u00e8ne notamment des recherches sur les processus de gouvernance et d&rsquo;apprentissage collectif des politiques de d\u00e9veloppement durable et d&rsquo;adaptation au changement climatique. Sp\u00e9cialiste des milieux littoraux, elle a une longue pratique de l&rsquo;interdisciplinarit\u00e9 et de la recherche action.<\/p>\n\n\n\n<p><\/p>\n\n\n\n<h2 class=\"wp-block-heading\">Vendredi 12 novembre \u2013 C\u00e9line Chadenas<\/h2>\n\n\n\n<h5 class=\"wp-block-heading\"><\/h5>\n\n\n\n<div class=\"wp-block-image is-style-rounded\"><figure class=\"aligncenter size-medium is-resized\"><img decoding=\"async\" src=\"https:\/\/climatbd.uqo.ca\/wp-content\/uploads\/2021\/09\/ClimatSocial_photo_CelineChadenas-300x197.jpg\" alt=\"\" class=\"wp-image-105\" width=\"297\" srcset=\"https:\/\/climatbd.uqo.ca\/wp-content\/uploads\/2021\/09\/ClimatSocial_photo_CelineChadenas-300x197.jpg 300w, https:\/\/climatbd.uqo.ca\/wp-content\/uploads\/2021\/09\/ClimatSocial_photo_CelineChadenas-1024x673.jpg 1024w, https:\/\/climatbd.uqo.ca\/wp-content\/uploads\/2021\/09\/ClimatSocial_photo_CelineChadenas-768x505.jpg 768w, https:\/\/climatbd.uqo.ca\/wp-content\/uploads\/2021\/09\/ClimatSocial_photo_CelineChadenas.jpg 1200w\" sizes=\"(max-width: 300px) 100vw, 300px\" \/><\/figure><\/div>\n\n\n\n<p><strong>La conf\u00e9rence. <\/strong>C\u00e9line Chadenas pr\u00e9sentera ses travaux sur l&rsquo;am\u00e9nagement des territoires littoraux face \u00e0 la remont\u00e9e du niveau de la mer. Elle \u00e9voquera entre autres ses recherches sur la conservation des lieux m\u00e9moriels de la Seconde Guerre mondiale face \u00e0 la remont\u00e9e du niveau de la mer.<\/p>\n\n\n\n<p><strong>La chercheuse. <\/strong>Depuis sa th\u00e8se en g\u00e9ographie, C\u00e9line Chadenas s&rsquo;est sp\u00e9cialis\u00e9e en g\u00e9ographie des environnements littoraux. Membre du laboratoire Littoral-Environnement-T\u00e9l\u00e9d\u00e9tection-G\u00e9omatique (France), elle se penche par exemple sur des questions relatives aux zonages de protection du patrimoine naturel littoral et \u00e0 la biog\u00e9ographie animale.<\/p>\n\n\n\n<p><\/p>\n\n\n\n<h2 class=\"wp-block-heading\">Lundi 15 novembre \u2013 Olivier Labussi\u00e8re<\/h2>\n\n\n\n<h5 class=\"wp-block-heading\">La conf\u00e9rence d&rsquo;Olivier Labussi\u00e8re a \u00e9t\u00e9 enregistr\u00e9e. Visionnez la <a href=\"https:\/\/www.youtube.com\/watch?v=3mTsQszT43w&amp;ab_channel=Timoth%C3%A9eFouqueray\" data-type=\"URL\" data-id=\"https:\/\/www.youtube.com\/watch?v=3mTsQszT43w&amp;ab_channel=Timoth%C3%A9eFouqueray\">sur YouTube<\/a> !<\/h5>\n\n\n\n<div class=\"wp-block-image is-style-rounded\"><figure class=\"aligncenter size-medium is-resized\"><img loading=\"lazy\" decoding=\"async\" src=\"https:\/\/climatbd.uqo.ca\/wp-content\/uploads\/2021\/10\/ClimatSocial_photo_OlivierLabussiere-300x253.jpg\" alt=\"\" class=\"wp-image-119\" width=\"269\" height=\"227\" srcset=\"https:\/\/climatbd.uqo.ca\/wp-content\/uploads\/2021\/10\/ClimatSocial_photo_OlivierLabussiere-300x253.jpg 300w, https:\/\/climatbd.uqo.ca\/wp-content\/uploads\/2021\/10\/ClimatSocial_photo_OlivierLabussiere.jpg 676w\" sizes=\"auto, (max-width: 269px) 100vw, 269px\" \/><\/figure><\/div>\n\n\n\n<p><strong>La conf\u00e9rence. <\/strong>Les soci\u00e9t\u00e9s thermo-industrielles se sont \u00e9mancip\u00e9es de l\u2019espace durant deux si\u00e8cles par la puissance de la dot min\u00e9rale. La possibilit\u00e9 de tirer partie d\u2019une mati\u00e8re d\u00e9j\u00e0 concentr\u00e9e \u00e0 l\u2019\u00e9chelle des temps g\u00e9ologiques (ex. le charbon, le p\u00e9trole, le gaz) a conduit au d\u00e9veloppement d\u2019une \u00e9conomie extractive et de modes de vie \u00e0 fort impact sur l\u2019environnement. La probl\u00e9matique climat appelle \u00e0 r\u00e9viser ce sch\u00e9ma. Les processus contemporains de transition ouvrent une question nouvelle, celle des liens \u00e0 faire dans l\u2019espace avec des sources d\u2019\u00e9nergie dispers\u00e9es et de faible intensit\u00e9 (ex. le soleil, le vent, les mar\u00e9es, les flux de chaleur). Partant d\u2019\u00e9tudes de cas, la conf\u00e9rence proposera des pistes pour probl\u00e9matiser ces dynamiques d\u2019expansion des nouvelles technologies de l\u2019\u00e9nergie dans l\u2019espace, et les enjeux d\u2019habitabilit\u00e9, de justice et de gouvernance qu\u2019ils suscitent.<\/p>\n\n\n\n<p><strong>Le chercheur. <\/strong>Docteur en g\u00e9ographie, Olivier Labussi\u00e8re est charg\u00e9 de recherche au CNRS, membre de l\u2019\u00e9quipe Environnements au laboratoire Pacte \u00e0 Grenoble (France). Ses travaux portent sur les relations entre espaces, \u00e9nergies et soci\u00e9t\u00e9s en contexte de transition climat-\u00e9nergie. Il analyse entre autres le d\u00e9ploiement de nouvelles technologies de l\u2019\u00e9nergie (\u00e0 terre, en mer, dans les sous-sols), les politiques qui les sous-tendent et les luttes qu\u2019elles suscitent.<\/p>\n\n\n\n<p><\/p>\n\n\n\n<h2 class=\"wp-block-heading\">Lundi 22 novembre \u2013 Louise Pouliot<\/h2>\n\n\n\n<h5 class=\"wp-block-heading\">La conf\u00e9rence de Louise Pouliot a \u00e9t\u00e9 enregistr\u00e9e. Visionnez la <a href=\"https:\/\/www.youtube.com\/watch?v=0j1BAuWDET0&amp;ab_channel=Timoth%C3%A9eFouqueray\" data-type=\"URL\" data-id=\"https:\/\/www.youtube.com\/watch?v=0j1BAuWDET0&amp;ab_channel=Timoth%C3%A9eFouqueray\">sur YouTube<\/a> !<\/h5>\n\n\n\n<div class=\"wp-block-image is-style-rounded\"><figure class=\"aligncenter size-medium is-resized\"><img loading=\"lazy\" decoding=\"async\" src=\"https:\/\/climatbd.uqo.ca\/wp-content\/uploads\/2021\/09\/ClimatSocial_photo_LouisePouliot-copie-265x300.jpg\" alt=\"\" class=\"wp-image-86\" width=\"216\" height=\"245\" srcset=\"https:\/\/climatbd.uqo.ca\/wp-content\/uploads\/2021\/09\/ClimatSocial_photo_LouisePouliot-copie-265x300.jpg 265w, https:\/\/climatbd.uqo.ca\/wp-content\/uploads\/2021\/09\/ClimatSocial_photo_LouisePouliot-copie-904x1024.jpg 904w, https:\/\/climatbd.uqo.ca\/wp-content\/uploads\/2021\/09\/ClimatSocial_photo_LouisePouliot-copie-768x870.jpg 768w, https:\/\/climatbd.uqo.ca\/wp-content\/uploads\/2021\/09\/ClimatSocial_photo_LouisePouliot-copie-1356x1536.jpg 1356w, https:\/\/climatbd.uqo.ca\/wp-content\/uploads\/2021\/09\/ClimatSocial_photo_LouisePouliot-copie-1200x1359.jpg 1200w, https:\/\/climatbd.uqo.ca\/wp-content\/uploads\/2021\/09\/ClimatSocial_photo_LouisePouliot-copie.jpg 1791w\" sizes=\"auto, (max-width: 216px) 100vw, 216px\" \/><\/figure><\/div>\n\n\n\n<p><strong>La conf\u00e9rence. <\/strong>Plusieurs organismes internationaux comme l\u2019Organisation mondiale de la sant\u00e9 et l\u2019Organisation internationale du travail consid\u00e8rent que certains travailleurs seraient potentiellement plus \u00e0 risque de subir des impacts n\u00e9gatifs associ\u00e9s aux changements climatiques. Dans cette pr\u00e9sentation nous mettons en relief les impacts psychosociaux n\u00e9gatifs des \u00e9v\u00e9nements m\u00e9t\u00e9orologiques extr\u00eames chez certains groupes de travailleurs.<\/p>\n\n\n\n<p><strong>La chercheuse. <\/strong>D\u00e9tentrice d\u2019un doctorat en psychologie et d&rsquo;un post-doctorat, Louise Pouliot a rejoint l\u2019Institut national de sant\u00e9 publique du Qu\u00e9bec apr\u00e8s avoir enseign\u00e9 \u00e0 l\u2019universit\u00e9 du Qu\u00e9bec \u00e0 Montr\u00e9al. Forte d\u2019une grande exp\u00e9rience en recherche qualitative et quantitative, elle m\u00e8ne des travaux scientifiques et op\u00e8re des transferts de connaissances sur les risques en sant\u00e9 mentale et en sant\u00e9 publique, dont les risques climatiques.<\/p>\n\n\n\n<p><\/p>\n\n\n\n<h3 class=\"wp-block-heading\">Lundi 29 novembre \u2013 Thibaud Griessinger<\/h3>\n\n\n\n<h5 class=\"wp-block-heading\">La conf\u00e9rence de Thibaud Griessinger a \u00e9t\u00e9 enregistr\u00e9e. Visionnez la <a href=\"https:\/\/youtu.be\/QH3jYzneNxQ\" data-type=\"URL\">sur YouTube<\/a> !<\/h5>\n\n\n\n<div class=\"wp-block-image is-style-rounded\"><figure class=\"aligncenter size-full\"><img loading=\"lazy\" decoding=\"async\" width=\"256\" height=\"256\" src=\"https:\/\/climatbd.uqo.ca\/wp-content\/uploads\/2021\/10\/ClimatSocial_photo_ThibautGriessinger.jpg\" alt=\"\" class=\"wp-image-120\" srcset=\"https:\/\/climatbd.uqo.ca\/wp-content\/uploads\/2021\/10\/ClimatSocial_photo_ThibautGriessinger.jpg 256w, https:\/\/climatbd.uqo.ca\/wp-content\/uploads\/2021\/10\/ClimatSocial_photo_ThibautGriessinger-150x150.jpg 150w\" sizes=\"auto, (max-width: 256px) 100vw, 256px\" \/><\/figure><\/div>\n\n\n\n<p><strong>La conf\u00e9rence. <\/strong>Les d\u00e9gradations environnementales caus\u00e9es par les activit\u00e9s humaines impliquent une transformation de nos modes de vies, de la structure de nos syst\u00e8mes socio-techniques et de nos strat\u00e9gies d&rsquo;am\u00e9nagement du territoire. Les r\u00e9flexions des acteurs du d\u00e9veloppement durable ne peuvent donc faire abstraction du raisonnement humain ou des dynamiques sociales sous-tendant ces d\u00e9fis complexes. La conf\u00e9rence portera donc sur la mani\u00e8re dont les sciences cognitives peuvent faciliter des transitions \u00e9cologiques et justes. Thibaud Griessinger s&rsquo;appuiera sur des exemples d&rsquo;\u00e9tudes comportementales qu&rsquo;il a conduites pour montrer comment d\u00e9velopper des strat\u00e9gies efficaces et pertinentes \u00e0 diff\u00e9rents niveaux territoriaux d&rsquo;actions collectives.<\/p>\n\n\n\n<p><strong>Le chercheur. <\/strong>Thibaud Griessinger est docteur en neurosciences et chercheur ind\u00e9pendant en sciences comportementales appliqu\u00e9es aux questions de transition \u00e9cologique. Il a r\u00e9cemment co-fond\u00e9 le groupe de recherche ind\u00e9pendant ACTE qui s\u2019est donn\u00e9 pour mission de remettre par la recherche et le conseil, la composante humaine au centre de la probl\u00e9matique \u00e9cologique. Il travaille entre autres avec le minist\u00e8re fran\u00e7ais de la Transition \u00e9cologique, ainsi que des villes et collectivit\u00e9s.<\/p>\n\n\n\n<p><\/p>\n\n\n\n<h2 class=\"wp-block-heading\">Lundi 6 d\u00e9cembre \u2013 Alpha Ba<\/h2>\n\n\n\n<h5 class=\"wp-block-heading\">La conf\u00e9rence d&rsquo;Alpha Ba a \u00e9t\u00e9 enregistr\u00e9e. Visionnez la <a href=\"https:\/\/www.youtube.com\/watch?v=o-SzYuO4MEs&amp;ab_channel=Timoth%C3%A9eFouqueray\" data-type=\"URL\">sur YouTube<\/a> !<\/h5>\n\n\n\n<div class=\"wp-block-image is-style-rounded\"><figure class=\"aligncenter size-medium\"><img loading=\"lazy\" decoding=\"async\" width=\"300\" height=\"225\" src=\"https:\/\/climatbd.uqo.ca\/wp-content\/uploads\/2021\/11\/ClimatSocial_AlphaBa-1-300x225.jpg\" alt=\"\" class=\"wp-image-195\" srcset=\"https:\/\/climatbd.uqo.ca\/wp-content\/uploads\/2021\/11\/ClimatSocial_AlphaBa-1-300x225.jpg 300w, https:\/\/climatbd.uqo.ca\/wp-content\/uploads\/2021\/11\/ClimatSocial_AlphaBa-1-1024x768.jpg 1024w, https:\/\/climatbd.uqo.ca\/wp-content\/uploads\/2021\/11\/ClimatSocial_AlphaBa-1-768x576.jpg 768w, https:\/\/climatbd.uqo.ca\/wp-content\/uploads\/2021\/11\/ClimatSocial_AlphaBa-1.jpg 1080w\" sizes=\"auto, (max-width: 300px) 100vw, 300px\" \/><\/figure><\/div>\n\n\n\n<p><strong>La conf\u00e9rence. <\/strong>Le S\u00e9n\u00e9gal s&rsquo;est engag\u00e9 en 2014 dans une dynamique de r\u00e9forme fonci\u00e8re. Au d\u00e9part, l\u2019\u00c9tat a voulu mettre en \u0153uvre une d\u00e9marche techniciste, prenant seulement en compte de mani\u00e8re partielle et souvent biais\u00e9e les pr\u00e9occupations des communaut\u00e9s locales. En d\u00e9connectant la question fonci\u00e8re, la gouvernance des ressources naturelles et les effets du changement climatique, la d\u00e9marche \u00e9tatique n&rsquo;a pas consid\u00e9r\u00e9 pleinement les rapports des populations locales avec les ressources fonci\u00e8res, leurs pratiques et perceptions des enjeux. C&rsquo;est dans ce contexte que des chercheurs du CIRAD et de l&rsquo;ENSA &#8211; Universit\u00e9 de Thi\u00e8s ont mis en place un jeu de r\u00f4le qui a favoris\u00e9 un dialogue pluri-acteurs&nbsp;\u00e0 plusieurs \u00e9chelles. Ceci a ainsi&nbsp;influenc\u00e9 le processus de r\u00e9forme fonci\u00e8re, orientant finalement ses r\u00e9flexions vers la question globale de la gouvernance des ressources&nbsp; naturelles au S\u00e9n\u00e9gal.<\/p>\n\n\n\n<p><strong>Le chercheur. <\/strong>Docteur en sociologie, Alpha Ba enseigne et m\u00e8ne des recherches \u00e0 l&rsquo;\u00c9cole Nationale Sup\u00e9rieure d&rsquo;Agriculture de l&rsquo;Universit\u00e9 Iba DER THIAM de Thi\u00e8s (S\u00e9n\u00e9gal). Consultant sp\u00e9cialis\u00e9 sur les questions agricoles, fonci\u00e8res, de genre et de droits humains, il a une longue exp\u00e9rience aupr\u00e8s d&rsquo;organismes publics au S\u00e9n\u00e9gal mais aussi avec des ONG et  institutions internationales. Il accompagne les ONG dans la r\u00e9flexion globale li\u00e9e aux politiques publiques li\u00e9es \u00e0 l&rsquo;agriculture au S\u00e9n\u00e9gal, tout en interrogeant la question de la justice sociale et environnementale dans la perspective africaine.<\/p>\n\n\n\n<p><\/p>\n\n\n\n<h2 class=\"wp-block-heading\">Vendredi 10 d\u00e9cembre \u2013 Emnet Berhanu<\/h2>\n\n\n\n<h5 class=\"wp-block-heading\">La conf\u00e9rence d&rsquo;Emnet Berhanu a \u00e9t\u00e9 enregistr\u00e9e. Visionnez la <a href=\"https:\/\/youtu.be\/ZOYa8PsBQ7s\" data-type=\"URL\">sur YouTube<\/a> !<\/h5>\n\n\n\n<div class=\"wp-block-image is-style-rounded\"><figure class=\"aligncenter size-medium is-resized\"><img loading=\"lazy\" decoding=\"async\" src=\"https:\/\/climatbd.uqo.ca\/wp-content\/uploads\/2021\/11\/Emnet-Berhanu-225x300.png\" alt=\"\" class=\"wp-image-157\" width=\"192\" height=\"256\" srcset=\"https:\/\/climatbd.uqo.ca\/wp-content\/uploads\/2021\/11\/Emnet-Berhanu-225x300.png 225w, https:\/\/climatbd.uqo.ca\/wp-content\/uploads\/2021\/11\/Emnet-Berhanu.png 354w\" sizes=\"auto, (max-width: 192px) 100vw, 192px\" \/><\/figure><\/div>\n\n\n\n<p><strong>La conf\u00e9rence. <\/strong>Les changements climatiques constituent l\u2019un des enjeux majeurs du XXIe&nbsp;si\u00e8cle posant des d\u00e9fis consid\u00e9rables \u00e0 l\u2019ensemble de la communaut\u00e9 internationale et plus particuli\u00e8rement aux \u00c9tats du Sud. Bien que les changements climatiques&nbsp;et leurs impacts physiques aient \u00e9t\u00e9 relativement bien cern\u00e9s, leurs impacts soci\u00e9taux notamment leur relation avec la mobilit\u00e9 humaine continuent de faire d\u00e9bat. &nbsp;De la submersion des fameuses \u00eeles du Pacifique \u00e0 la d\u00e9sertification qui ne cesse de progresser, les impacts des changements climatiques bouleversent le quotidien et les moyens de subsistance de nombreuses communaut\u00e9s, menacent la vie des personnes et peuvent parfois les contraindre ou les inciter \u00e0 quitter leur lieu de r\u00e9sidence habituel. Depuis plusieurs ann\u00e9es, de nombreux chercheurs s\u2019interrogent sur les m\u00e9canismes juridiques permettant de prot\u00e9ger les personnes qui se d\u00e9placent ou migrent dans le contexte des changements climatiques. Nous explorerons les pistes de protection existantes au sein des diff\u00e9rentes branches du droit international tout en mettant en \u00e9vidence les limites et les opportunit\u00e9s des solutions envisag\u00e9es.<\/p>\n\n\n\n<p><strong>La chercheuse. <\/strong>Docteure en droit public, Emnet Berhanu Gebre travaille sur la protection internationale des personnes d\u00e9plac\u00e9es par les changements climatiques. Suite \u00e0 sa th\u00e8se men\u00e9e \u00e0 Toulouse, elle effectue d\u00e9sormais des missions pour l&rsquo;Organisation Internationale pour les Migrations.<\/p>\n\n\n\n<p><\/p>\n","protected":false},"excerpt":{"rendered":"<p>10 conf\u00e9rences gratuites ont eu lieu d&rsquo;octobre \u00e0 d\u00e9cembre 2021. Les enregistrements sont disponibles sur YouTube gr\u00e2ce aux liens qui suivent. Jeudi 14 octobre \u2013 Iago Otero La conf\u00e9rence de Iago Otero a \u00e9t\u00e9 enregistr\u00e9e. Visionnez la sur YouTube ! La conf\u00e9rence. Australie, Amazonie, Californie&#8230; Les grands incendies de for\u00eat ont \u00e9t\u00e9 tr\u00e8s pr\u00e9sents dans [&hellip;]<\/p>\n","protected":false},"author":1,"featured_media":0,"parent":0,"menu_order":0,"comment_status":"closed","ping_status":"closed","template":"","meta":{"footnotes":""},"class_list":["post-7","page","type-page","status-publish","hentry"],"_links":{"self":[{"href":"https:\/\/climatbd.uqo.ca\/index.php\/wp-json\/wp\/v2\/pages\/7","targetHints":{"allow":["GET"]}}],"collection":[{"href":"https:\/\/climatbd.uqo.ca\/index.php\/wp-json\/wp\/v2\/pages"}],"about":[{"href":"https:\/\/climatbd.uqo.ca\/index.php\/wp-json\/wp\/v2\/types\/page"}],"author":[{"embeddable":true,"href":"https:\/\/climatbd.uqo.ca\/index.php\/wp-json\/wp\/v2\/users\/1"}],"replies":[{"embeddable":true,"href":"https:\/\/climatbd.uqo.ca\/index.php\/wp-json\/wp\/v2\/comments?post=7"}],"version-history":[{"count":45,"href":"https:\/\/climatbd.uqo.ca\/index.php\/wp-json\/wp\/v2\/pages\/7\/revisions"}],"predecessor-version":[{"id":226,"href":"https:\/\/climatbd.uqo.ca\/index.php\/wp-json\/wp\/v2\/pages\/7\/revisions\/226"}],"wp:attachment":[{"href":"https:\/\/climatbd.uqo.ca\/index.php\/wp-json\/wp\/v2\/media?parent=7"}],"curies":[{"name":"wp","href":"https:\/\/api.w.org\/{rel}","templated":true}]}}