{"id":6,"date":"2021-06-22T13:44:48","date_gmt":"2021-06-22T13:44:48","guid":{"rendered":"https:\/\/climatbd.uqo.ca\/?page_id=6"},"modified":"2021-10-13T03:03:00","modified_gmt":"2021-10-13T03:03:00","slug":"a-propos-de","status":"publish","type":"page","link":"https:\/\/climatbd.uqo.ca\/index.php\/a-propos-de\/","title":{"rendered":"Des scientifiques &#038; b\u00e9d\u00e9istes impliqu\u00e9.e.s"},"content":{"rendered":"\n<p>Initi\u00e9 en 2021, Climat Social est un projet d&rsquo;\u00e9changes de connaissances soutenu et financ\u00e9 par l&rsquo;Universit\u00e9 du Qu\u00e9bec en Outaouais (UQO).<\/p>\n\n\n\n<p>Il est anim\u00e9 par Timoth\u00e9e Fouqueray, \u00e9paul\u00e9 par Sylvain Lemay et J\u00e9r\u00f4me Dupras.<\/p>\n\n\n\n<h2 class=\"wp-block-heading\">\u00c9quipe d&rsquo;animation<\/h2>\n\n\n\n<div class=\"wp-block-image is-style-rounded\"><figure class=\"aligncenter size-large is-resized\"><img loading=\"lazy\" decoding=\"async\" src=\"https:\/\/climatbd.uqo.ca\/wp-content\/uploads\/2021\/08\/DSF5239-1-1024x1024.jpg\" alt=\"\" class=\"wp-image-38\" width=\"138\" height=\"138\" srcset=\"https:\/\/climatbd.uqo.ca\/wp-content\/uploads\/2021\/08\/DSF5239-1-1024x1024.jpg 1024w, https:\/\/climatbd.uqo.ca\/wp-content\/uploads\/2021\/08\/DSF5239-1-300x300.jpg 300w, https:\/\/climatbd.uqo.ca\/wp-content\/uploads\/2021\/08\/DSF5239-1-150x150.jpg 150w, https:\/\/climatbd.uqo.ca\/wp-content\/uploads\/2021\/08\/DSF5239-1-768x768.jpg 768w, https:\/\/climatbd.uqo.ca\/wp-content\/uploads\/2021\/08\/DSF5239-1-1536x1536.jpg 1536w, https:\/\/climatbd.uqo.ca\/wp-content\/uploads\/2021\/08\/DSF5239-1-2048x2048.jpg 2048w, https:\/\/climatbd.uqo.ca\/wp-content\/uploads\/2021\/08\/DSF5239-1-1200x1200.jpg 1200w, https:\/\/climatbd.uqo.ca\/wp-content\/uploads\/2021\/08\/DSF5239-1-1980x1980.jpg 1980w\" sizes=\"auto, (max-width: 138px) 100vw, 138px\" \/><\/figure><\/div>\n\n\n\n<p><strong><a href=\"https:\/\/www.researchgate.net\/profile\/Timothee-Fouqueray\">Timoth\u00e9e Fouqueray<\/a><\/strong> est docteur en \u00e9cologie. Actuellement en post-doctorat \u00e0 l&rsquo;UQO, il m\u00e8ne un projet de recherche interdisciplinaire sur l&rsquo;adaptation des forestiers qu\u00e9b\u00e9cois et belges aux changements climatiques. <\/p>\n\n\n\n<div class=\"wp-block-image is-style-rounded\"><figure class=\"aligncenter size-full is-resized\"><img loading=\"lazy\" decoding=\"async\" src=\"https:\/\/climatbd.uqo.ca\/wp-content\/uploads\/2021\/08\/sylvain-lemay_photo.jpg\" alt=\"\" class=\"wp-image-39\" width=\"146\" height=\"146\" srcset=\"https:\/\/climatbd.uqo.ca\/wp-content\/uploads\/2021\/08\/sylvain-lemay_photo.jpg 400w, https:\/\/climatbd.uqo.ca\/wp-content\/uploads\/2021\/08\/sylvain-lemay_photo-300x300.jpg 300w, https:\/\/climatbd.uqo.ca\/wp-content\/uploads\/2021\/08\/sylvain-lemay_photo-150x150.jpg 150w\" sizes=\"auto, (max-width: 146px) 100vw, 146px\" \/><\/figure><\/div>\n\n\n\n<p> <strong>Sylvain Lemay<\/strong> est docteur en \u00e9tudes litt\u00e9raires. Professeur titulaire \u00e0 l&rsquo;UQO, amoureux de bandes dessin\u00e9es, il dirige l&rsquo;<a href=\"https:\/\/uqo.ca\/emi\">\u00c9cole Multidisciplinaire de l&rsquo;Image<\/a>.<\/p>\n\n\n\n<p><\/p>\n\n\n\n<p><\/p>\n\n\n\n<div class=\"wp-block-image is-style-rounded\"><figure class=\"aligncenter size-full is-resized\"><img loading=\"lazy\" decoding=\"async\" src=\"https:\/\/climatbd.uqo.ca\/wp-content\/uploads\/2021\/08\/jerome-dupras_photo.jpg\" alt=\"\" class=\"wp-image-40\" width=\"109\" height=\"136\" srcset=\"https:\/\/climatbd.uqo.ca\/wp-content\/uploads\/2021\/08\/jerome-dupras_photo.jpg 700w, https:\/\/climatbd.uqo.ca\/wp-content\/uploads\/2021\/08\/jerome-dupras_photo-240x300.jpg 240w\" sizes=\"auto, (max-width: 109px) 100vw, 109px\" \/><\/figure><\/div>\n\n\n\n<p><strong>J\u00e9r\u00f4me Dupras<\/strong>, docteur en g\u00e9ographie, est professeur au d\u00e9partement des sciences naturelles de l\u2019UQO et titulaire de la <a href=\"https:\/\/www.crcecoeco.ca\/\">Chaire de recherche du Canada en \u00e9conomie \u00e9cologique<\/a>. Depuis 2015, il dirige le Laboratoire d\u2019\u00e9conomie \u00e9cologique situ\u00e9 \u00e0 l\u2019Institut des Sciences de la For\u00eat temp\u00e9r\u00e9e.<\/p>\n\n\n\n<p><\/p>\n\n\n\n<div class=\"wp-block-image is-style-rounded\"><figure class=\"aligncenter size-thumbnail is-resized\"><img loading=\"lazy\" decoding=\"async\" src=\"https:\/\/climatbd.uqo.ca\/wp-content\/uploads\/2021\/10\/ClimatSocial_photo_CelineChadenas_ASL-150x150.jpg\" alt=\"\" class=\"wp-image-126\" width=\"155\" height=\"155\"\/><\/figure><\/div>\n\n\n\n<p>Anne-Sophie Legrand est \u00e9tudiante \u00e0 la ma\u00eetrise en mus\u00e9ologie et pratiques des arts avec concentration mus\u00e9ologie \u00e0 l&rsquo;UQO. Son m\u00e9moire intitul\u00e9 \u00ab\u00a0Comparaison du r\u00e9cit historique dans l\u2019exposition et la bande dessin\u00e9e\u00a0: le cas de l\u2019exp\u00e9dition Franklin\u00a0\u00bb cherche \u00e0 rapprocher les deux m\u00e9dias en soulignant leur compl\u00e9mentarit\u00e9. Elle recense les bandes dessin\u00e9es parlant de changement climatique pour la <a href=\"https:\/\/climatbd.uqo.ca\/index.php\/bdtheque\/\">BDth\u00e8que du climat<\/a>.<\/p>\n","protected":false},"excerpt":{"rendered":"<p>Initi\u00e9 en 2021, Climat Social est un projet d&rsquo;\u00e9changes de connaissances soutenu et financ\u00e9 par l&rsquo;Universit\u00e9 du Qu\u00e9bec en Outaouais (UQO). Il est anim\u00e9 par Timoth\u00e9e Fouqueray, \u00e9paul\u00e9 par Sylvain Lemay et J\u00e9r\u00f4me Dupras. \u00c9quipe d&rsquo;animation Timoth\u00e9e Fouqueray est docteur en \u00e9cologie. Actuellement en post-doctorat \u00e0 l&rsquo;UQO, il m\u00e8ne un projet de recherche interdisciplinaire sur [&hellip;]<\/p>\n","protected":false},"author":1,"featured_media":0,"parent":0,"menu_order":0,"comment_status":"closed","ping_status":"closed","template":"","meta":{"footnotes":""},"class_list":["post-6","page","type-page","status-publish","hentry"],"_links":{"self":[{"href":"https:\/\/climatbd.uqo.ca\/index.php\/wp-json\/wp\/v2\/pages\/6","targetHints":{"allow":["GET"]}}],"collection":[{"href":"https:\/\/climatbd.uqo.ca\/index.php\/wp-json\/wp\/v2\/pages"}],"about":[{"href":"https:\/\/climatbd.uqo.ca\/index.php\/wp-json\/wp\/v2\/types\/page"}],"author":[{"embeddable":true,"href":"https:\/\/climatbd.uqo.ca\/index.php\/wp-json\/wp\/v2\/users\/1"}],"replies":[{"embeddable":true,"href":"https:\/\/climatbd.uqo.ca\/index.php\/wp-json\/wp\/v2\/comments?post=6"}],"version-history":[{"count":9,"href":"https:\/\/climatbd.uqo.ca\/index.php\/wp-json\/wp\/v2\/pages\/6\/revisions"}],"predecessor-version":[{"id":130,"href":"https:\/\/climatbd.uqo.ca\/index.php\/wp-json\/wp\/v2\/pages\/6\/revisions\/130"}],"wp:attachment":[{"href":"https:\/\/climatbd.uqo.ca\/index.php\/wp-json\/wp\/v2\/media?parent=6"}],"curies":[{"name":"wp","href":"https:\/\/api.w.org\/{rel}","templated":true}]}}