{"id":5,"date":"2022-04-25T13:58:00","date_gmt":"2022-04-25T13:58:00","guid":{"rendered":"https:\/\/climatbd.uqo.ca\/?page_id=5"},"modified":"2025-02-14T10:00:01","modified_gmt":"2025-02-14T10:00:01","slug":"create-your-website-with-blocks","status":"publish","type":"page","link":"https:\/\/climatbd.uqo.ca\/","title":{"rendered":"Les changements climatiques, vus par les sciences sociales, dessin\u00e9s par des b\u00e9d\u00e9istes"},"content":{"rendered":"\n<h3 class=\"wp-block-heading has-text-align-center\"><em><strong>Actualit\u00e9s<\/strong><\/em><\/h3>\n\n\n\n<p><strong>202<\/strong>5 : Le rapport Changements Transformateurs de l&rsquo;IPBES \u2013 la Plateforme intergouvernementale scientifique et politique sur la biodiversit\u00e9 et les services \u00e9cosyst\u00e9miques \u2013 souligne l&rsquo;importance de l&rsquo;art dans la cr\u00e9ation de visions pour des futurs durables pour les humains et la nature. Il cite m\u00eame quelques bandes dessin\u00e9es&#8230; Allez lire <a href=\"https:\/\/bit.ly\/IPBES11Media\">son r\u00e9sum\u00e9<\/a> !<\/p>\n\n\n\n<p><strong>2024<\/strong> : Les liens sciences-arts sont de plus en plus mis en avant pour parler de climat (et souvent aussi de biodiversit\u00e9)&#8230; Si le sujet vous int\u00e9resse, de nombreux programmes innovants sont \u00e0 l&rsquo;honneur dans diff\u00e9rents pays : <a href=\"https:\/\/www.culture.gouv.fr\/catalogue-des-demarches-et-subventions\/appels-a-projet-partenaires\/erable-mettre-en-recit-la-biodiversite-dans-les-territoires\">\u00c9rable<\/a> et <a href=\"https:\/\/www.fondationbiodiversite.fr\/la-frb-en-action\/programmes-et-projets\/programme-scenario\/\">Sc\u00e9narios#2<\/a> en France, <a href=\"https:\/\/www.fondationgrantham.org\/\">Fondation Grantham<\/a> ou <a href=\"https:\/\/unpointcinq.ca\/agir\/9-expos-a-ne-pas-manquer-sur-le-climat-et-l-environnement-au-quebec\/\">expositions temporaires<\/a> au Qu\u00e9bec, et de nombreuses autres que vous pouvez nous partager \ud83d\ude42<\/p>\n\n\n\n<p><strong>Automne 2023<\/strong> : La b\u00e9d\u00e9th\u00e8que du climat continue \u00e0 \u00eatre actualis\u00e9e. Faites-nous part de vos lectures et recommandations !<\/p>\n\n\n\n<p><\/p>\n\n\n\n<p><strong>29 avril 2022<\/strong> : Les trois Prix Climat Social ont \u00e9t\u00e9 d\u00e9cern\u00e9s ! <a href=\"https:\/\/climatbd.uqo.ca\/index.php\/2022\/04\/29\/laureates-des-prix-du-public-prix-scientifique-et-prix-artistique\/\">Pour en savoir plus<\/a>.<\/p>\n\n\n\n<p><strong>11 mars 2022<\/strong> : Le Droit parle de la conf\u00e9rence de La\u00ebtitia Marc et de la BD de Poukinie ! <a href=\"https:\/\/www.ledroit.com\/2022\/03\/11\/quand-lanthropologie-rencontre-la-bande-dessinee-cc6c1bb51c70aa047415d6608905953e\">\u00c0 lire ici<\/a>.<\/p>\n\n\n\n<h2 class=\"wp-block-heading alignwide has-text-align-wide has-gigantic-font-size\" id=\"10-conferences-10-approches-disciplinaires-differentes\" style=\"line-height:1.1\">10 conf\u00e9rences, 10 disciplines diff\u00e9rentes &#8230;<\/h2>\n\n\n\n<p>Anthropologues, \u00e9conomistes, sociologues, g\u00e9ographes, &#8230; Femmes et hommes venus du monde entier, 10 conf\u00e9renci\u00e8res et conf\u00e9renciers vous attendent pour partager leurs projets de recherche en sciences sociales.<\/p>\n\n\n\n<p>Des retransmissions des conf\u00e9rences sont accessibles sur YouTube (liens sur la page <a href=\"https:\/\/climatbd.uqo.ca\/index.php\/conferences\/\">Conf\u00e9rences<\/a>).<\/p>\n\n\n\n<p><\/p>\n\n\n\n<h2 class=\"wp-block-heading alignwide\" id=\"10-bandes-dessinees\">10 bandes dessin\u00e9es &#8230;<\/h2>\n\n\n\n<p>Chacun.e \u00e0 sa mani\u00e8re, les artistes de l&rsquo;\u00c9cole Multidisciplinaire de l&rsquo;Image de l&rsquo;UQO transcrivent dans leur univers graphique leurs \u00e9changes avec les conf\u00e9renciers. R\u00e9sultat : un recueil de 10 bandes dessin\u00e9es t\u00e9moignant d&rsquo;une grande diversit\u00e9 d&rsquo;\u00e9tudes en sciences sociales portant sur les changements climatiques.<\/p>\n\n\n\n<p>Rendez vous sur la page <a href=\"https:\/\/climatbd.uqo.ca\/index.php\/les-bd\/\">Bandes dessin\u00e9es<\/a> pour d\u00e9couvrir les b\u00e9d\u00e9istes et visualiser les travaux r\u00e9alis\u00e9s !<\/p>\n\n\n\n<h2 class=\"wp-block-heading alignwide\" id=\"une-bdtheque-unique\">Une BDth\u00e8que unique<\/h2>\n\n\n\n<p>La <a href=\"https:\/\/climatbd.uqo.ca\/index.php\/bdtheque\/\">BDth\u00e8que du climat<\/a> recense les bandes dessin\u00e9es francophones traitant de th\u00e9matiques climatiques. Il peut s\u2019agir d\u2019\u0153uvres de (science-)fiction, d\u2019ouvrages documentaires ou m\u00eame de retranscriptions de travaux scientifiques en images. Ces BD s\u2019adressent \u00e0 tous les publics, petits et grands, amateurs et professionnels.<\/p>\n\n\n\n<div class=\"wp-block-columns alignwide are-vertically-aligned-top is-layout-flex wp-container-core-columns-is-layout-9d6595d7 wp-block-columns-is-layout-flex\">\n<div class=\"wp-block-column is-vertically-aligned-top is-layout-flow wp-block-column-is-layout-flow\"><\/div>\n\n\n\n<div class=\"wp-block-column is-vertically-aligned-top is-layout-flow wp-block-column-is-layout-flow\"><\/div>\n\n\n\n<div class=\"wp-block-column is-vertically-aligned-top is-layout-flow wp-block-column-is-layout-flow\"><\/div>\n<\/div>\n","protected":false},"excerpt":{"rendered":"<p>Actualit\u00e9s 2025 : Le rapport Changements Transformateurs de l&rsquo;IPBES \u2013 la Plateforme intergouvernementale scientifique et politique sur la biodiversit\u00e9 et les services \u00e9cosyst\u00e9miques \u2013 souligne l&rsquo;importance de l&rsquo;art dans la cr\u00e9ation de visions pour des futurs durables pour les humains et la nature. Il cite m\u00eame quelques bandes dessin\u00e9es&#8230; Allez lire son r\u00e9sum\u00e9 ! 2024 [&hellip;]<\/p>\n","protected":false},"author":1,"featured_media":0,"parent":0,"menu_order":0,"comment_status":"closed","ping_status":"closed","template":"","meta":{"footnotes":""},"class_list":["post-5","page","type-page","status-publish","hentry"],"_links":{"self":[{"href":"https:\/\/climatbd.uqo.ca\/index.php\/wp-json\/wp\/v2\/pages\/5","targetHints":{"allow":["GET"]}}],"collection":[{"href":"https:\/\/climatbd.uqo.ca\/index.php\/wp-json\/wp\/v2\/pages"}],"about":[{"href":"https:\/\/climatbd.uqo.ca\/index.php\/wp-json\/wp\/v2\/types\/page"}],"author":[{"embeddable":true,"href":"https:\/\/climatbd.uqo.ca\/index.php\/wp-json\/wp\/v2\/users\/1"}],"replies":[{"embeddable":true,"href":"https:\/\/climatbd.uqo.ca\/index.php\/wp-json\/wp\/v2\/comments?post=5"}],"version-history":[{"count":31,"href":"https:\/\/climatbd.uqo.ca\/index.php\/wp-json\/wp\/v2\/pages\/5\/revisions"}],"predecessor-version":[{"id":422,"href":"https:\/\/climatbd.uqo.ca\/index.php\/wp-json\/wp\/v2\/pages\/5\/revisions\/422"}],"wp:attachment":[{"href":"https:\/\/climatbd.uqo.ca\/index.php\/wp-json\/wp\/v2\/media?parent=5"}],"curies":[{"name":"wp","href":"https:\/\/api.w.org\/{rel}","templated":true}]}}